{"id":88298,"date":"2026-03-19T14:53:33","date_gmt":"2026-03-19T13:53:33","guid":{"rendered":"https:\/\/protonterra.hu\/?page_id=88298"},"modified":"2026-03-20T12:37:27","modified_gmt":"2026-03-20T11:37:27","slug":"imprint","status":"publish","type":"page","link":"https:\/\/protonterra.hu\/en\/imprint\/","title":{"rendered":"Imprint"},"content":{"rendered":"<div class=\"et_pb_section_0 et_pb_section et_section_regular et_block_section\">\n<div class=\"et_pb_row_0 et_pb_row et_block_row\">\n<div class=\"et_pb_column_0 et_pb_column et_pb_column_4_4 et-last-child et_block_column et_pb_css_mix_blend_mode_passthrough\">\n<div class=\"et_pb_heading_0 et_pb_heading et_pb_module et_flex_module\"><div class=\"et_pb_heading_container\"><h1 class=\"et_pb_module_header\">Imprint<\/h1><\/div><\/div>\n\n<div class=\"et_pb_text_0 et_pb_text et_pb_bg_layout_light et_pb_module et_flex_module\"><div class=\"et_pb_text_inner\"><p><strong>1) The data controller responsible for the content of the website and social media platform available at the internet address you have visited \u2013 hereinafter collectively referred to as: website \u2013 as well as the owner of the domain and the website:<\/strong><\/p>\n<p><strong>Proton Terra Limited Liability Company<\/strong><\/p>\n<p><span><span style=\"font-weight: ;\">Address: 43 K\u0151r\u00f6si Street, 5000 Szolnok, Hungary <br \/><\/span><\/span><span>Tax number: <span style=\"font-weight: ;\">27084755-2-16<\/span><br \/><\/span><\/p>\n<p>Registered at the Company Registry of the Szolnok Court of Justice.<\/p>\n<p><strong>2.) Supervisory authority for data processing:<\/strong><\/p>\n<p><strong>National Authority for Data Protection and Freedom of Information<\/strong><br \/>Headquarters: 9-11 Falk Miksa Street, 1125 Budapest, Hungary<br \/>Postal address: 1363 Budapest, P.O. Box 9<br \/>Phone: +36 30 683 5969<br \/>Fax: +36 1 391 1410<br \/>E-mail: ugyfelszolgalat@naih.hu<br \/>Website: http:\/\/www.naih.hu\/<\/p>\n<p><strong>3.) Hosting provider:<\/strong><\/p>\n<p><strong>KTS Online Ltd.<\/strong><br \/>Tax number: 29152106-2-08.<br \/>Company registration number: 08-09-032885<br \/>Registered at the Company Registry of the Gy\u0151r Court of Justice.<br \/>Statistical number: 29152106-6311-113-08.<br \/>EU VAT number: HU29152106.<\/p>\n<p>REGISTERED OFFICE: 26\/B Bart\u00f3k B\u00e9la Street, Ground floor 2, 9024 Gy\u0151r, Hungary<br \/>PHONE: +36-20\/316-2431<br \/>E-MAIL: info@kts.hu<\/p>\n<p>SERVER ROOM: 18-22 Victor Hugo Street, 1132 Budapest, Hungary<\/p>\n<p><strong>4.) If the User (consumer) resides in the European Union, they may use the following online dispute resolution tool of the European Commission in connection with complaints related to the service.<\/strong><\/p>\n<p><strong>European Commission Online Dispute Resolution Platform<\/strong><br \/>Website: <a href=\"https:\/\/webgate.ec.europa.eu\/odr\" target=\"_blank\" rel=\"noopener\">https:\/\/webgate.ec.europa.eu\/odr<\/a><\/p>\n<p>This internet-based platform was created by the EU for consumers who wish to lodge a complaint regarding products or services purchased online and would like to request a neutral third party (dispute resolution body) to handle the complaint.<\/p>\n<p>Further information about the online dispute resolution platform, its use, and the dispute resolution process can be found on the website available via the link above.<\/p>\n<\/div><\/div>\n<\/div>\n<\/div>\n<\/div>","protected":false},"excerpt":{"rendered":"","protected":false},"author":1,"featured_media":0,"parent":0,"menu_order":0,"comment_status":"closed","ping_status":"closed","template":"","meta":{"_acf_changed":false,"footnotes":""},"class_list":["post-88298","page","type-page","status-publish","hentry"],"acf":[],"_links":{"self":[{"href":"https:\/\/protonterra.hu\/en\/wp-json\/wp\/v2\/pages\/88298","targetHints":{"allow":["GET"]}}],"collection":[{"href":"https:\/\/protonterra.hu\/en\/wp-json\/wp\/v2\/pages"}],"about":[{"href":"https:\/\/protonterra.hu\/en\/wp-json\/wp\/v2\/types\/page"}],"author":[{"embeddable":true,"href":"https:\/\/protonterra.hu\/en\/wp-json\/wp\/v2\/users\/1"}],"replies":[{"embeddable":true,"href":"https:\/\/protonterra.hu\/en\/wp-json\/wp\/v2\/comments?post=88298"}],"version-history":[{"count":5,"href":"https:\/\/protonterra.hu\/en\/wp-json\/wp\/v2\/pages\/88298\/revisions"}],"predecessor-version":[{"id":88306,"href":"https:\/\/protonterra.hu\/en\/wp-json\/wp\/v2\/pages\/88298\/revisions\/88306"}],"wp:attachment":[{"href":"https:\/\/protonterra.hu\/en\/wp-json\/wp\/v2\/media?parent=88298"}],"curies":[{"name":"wp","href":"https:\/\/api.w.org\/{rel}","templated":true}]}}