{"id":88280,"date":"2026-03-19T10:35:26","date_gmt":"2026-03-19T09:35:26","guid":{"rendered":"https:\/\/protonterra.hu\/szolgaltatasaink\/"},"modified":"2026-03-20T12:54:56","modified_gmt":"2026-03-20T11:54:56","slug":"our-services","status":"publish","type":"page","link":"https:\/\/protonterra.hu\/en\/our-services\/","title":{"rendered":"Our Services"},"content":{"rendered":"<div class=\"et_pb_section_0 et_pb_section et_section_regular et_block_section\"><span class=\"et_pb_background_mask\"><\/span>\r\n<div class=\"et_pb_row_0 et_pb_row et_block_row\">\r\n<div class=\"et_pb_column_0 et_pb_column et_pb_column_4_4 et-last-child et_block_column et_pb_css_mix_blend_mode_passthrough\">\r\n<div class=\"et_pb_text_0 et_pb_text et_pb_bg_layout_light et_animated et_pb_module et_block_module\"><div class=\"et_pb_text_inner\"><h1>Our Services<\/h1>\n<\/div><\/div>\r\n<\/div>\r\n<\/div>\r\n<\/div>\r\n\r\n<div class=\"et_pb_section_1 et_pb_section et_section_regular et_block_section\">\r\n<div class=\"et_pb_row_1 et_pb_row et_flex_row et_animated\" id=\"eromui-projektek-tamogatasa\">\r\n<div class=\"et_pb_column_1 et_pb_column et_flex_column et_pb_css_mix_blend_mode_passthrough et_flex_column_12_24 et_flex_column_24_24_tablet et_flex_column_24_24_phone\"><span class=\"et-pb-parallax-wrapper\"><span class=\"et-pb-parallax-background et-pb-parallax-background-module--divi-column-1\" style=\"\"><\/span><\/span>\r\n<div class=\"et_pb_image_0 et_pb_image et_pb_module et_block_module\"><span class=\"et_pb_image_wrap\"><img loading=\"lazy\" decoding=\"async\" src=\"https:\/\/protonterra.hu\/wp-content\/uploads\/2026\/03\/protonterra_szolgaltatasok_2.webp\" title=\"protonterra_szolgaltatasok_2\" width=\"2560\" height=\"2560\" srcset=\"https:\/\/protonterra.hu\/wp-content\/uploads\/2026\/03\/protonterra_szolgaltatasok_2.webp 2560w, https:\/\/protonterra.hu\/wp-content\/uploads\/2026\/03\/protonterra_szolgaltatasok_2-1280x1280.webp 1280w, https:\/\/protonterra.hu\/wp-content\/uploads\/2026\/03\/protonterra_szolgaltatasok_2-980x980.webp 980w, https:\/\/protonterra.hu\/wp-content\/uploads\/2026\/03\/protonterra_szolgaltatasok_2-480x480.webp 480w\" sizes=\"(min-width: 0px) and (max-width: 480px) 480px, (min-width: 481px) and (max-width: 980px) 980px, (min-width: 981px) and (max-width: 1280px) 1280px, (min-width: 1281px) 2560px, 100vw\" class=\"wp-image-88188\" \/><\/span><\/div>\r\n<\/div>\r\n\r\n<div class=\"et_pb_column_2 et_pb_column et-last-child et_flex_column et_pb_css_mix_blend_mode_passthrough et_flex_column_12_24 et_flex_column_24_24_tablet et_flex_column_24_24_phone\">\r\n<div class=\"et_pb_text_1 et_pb_text et_pb_bg_layout_light et_pb_module et_block_module\"><div class=\"et_pb_text_inner\"><h2>Power Plant Project Support<\/h2>\n<\/div><\/div>\r\n\r\n<div class=\"et_pb_text_2 et_pb_text et_pb_bg_layout_light et_pb_module et_block_module\"><div class=\"et_pb_text_inner\"><p style=\"text-align: justify;\">Our company provides professional support in the preparation and implementation of conventional and nuclear energy projects.<\/p>\n<p style=\"text-align: justify;\">Our services include:<\/p>\n<ul style=\"text-align: justify;\">\n<li>Operational support of projects<\/li>\n<li>Coordination of construction and implementation processes<\/li>\n<li>Organization and supervision of project processes<\/li>\n<li>Cooperation with contractors and plant operators<\/li>\n<\/ul>\n<p style=\"text-align: justify;\">A key area of our expertise is the support of developing energy facilities and nuclear power plant investments.<\/p>\n<p style=\"text-align: justify;\">In relation to the construction works of the new units of the Paks II Nuclear Power Plant, our company participates in several areas of project activities in professional cooperation with Hungaro Four Trade Ltd., which represents an important reference for us in the field of nuclear power plant project support.<\/p>\n<\/div><\/div>\r\n\r\n<div class=\"et_pb_module et_pb_button_module_wrapper et_pb_button_0_wrapper\"><a class=\"et_pb_button_0 et_pb_button et_pb_bg_layout_light et_pb_module et_block_module\" href=\"#contact\">Contact<\/a><\/div>\r\n<\/div>\r\n<\/div>\r\n<\/div>\r\n\r\n<div class=\"et_pb_section_2 et_pb_section et_section_regular et_block_section\">\r\n<div class=\"et_pb_row_2 et_pb_row et_flex_row et_animated\" id=\"karbantartas-es-ipari-tisztitas\">\r\n<div class=\"et_pb_column_3 et_pb_column et_flex_column et_pb_css_mix_blend_mode_passthrough et_flex_column_12_24 et_flex_column_24_24_tablet et_flex_column_24_24_phone\">\r\n<div class=\"et_pb_text_3 et_pb_text et_pb_bg_layout_light et_pb_module et_block_module\"><div class=\"et_pb_text_inner\"><h2>Maintenance and Industrial Cleaning<\/h2>\n<\/div><\/div>\r\n\r\n<div class=\"et_pb_text_4 et_pb_text et_pb_bg_layout_light et_pb_module et_block_module\"><div class=\"et_pb_text_inner\"><p style=\"text-align: justify;\">The reliable operation of power plants and industrial facilities requires professional maintenance and specialized industrial cleaning.<\/p>\n<p style=\"text-align: justify;\">The services of Proton Terra Ltd. include:<\/p>\n<ul style=\"text-align: justify;\">\n<li>Performing maintenance tasks supporting the operation of power plant equipment<\/li>\n<li>Industrial cleaning and technological cleaning<\/li>\n<li>Providing supplementary services related to facility operation<\/li>\n<\/ul>\n<p style=\"text-align: justify;\">These services contribute to the safe, continuous, and efficient operation of energy facilities.<\/p>\n<\/div><\/div>\r\n\r\n<div class=\"et_pb_module et_pb_button_module_wrapper et_pb_button_1_wrapper\"><a class=\"et_pb_button_1 et_pb_button et_pb_bg_layout_light et_pb_module et_block_module\" href=\"#contact\">Contact<\/a><\/div>\r\n<\/div>\r\n\r\n<div class=\"et_pb_column_4 et_pb_column et-last-child et_flex_column et_pb_css_mix_blend_mode_passthrough et_flex_column_12_24 et_flex_column_24_24_tablet et_flex_column_24_24_phone\"><span class=\"et-pb-parallax-wrapper\"><span class=\"et-pb-parallax-background et-pb-parallax-background-module--divi-column-4\" style=\"\"><\/span><\/span>\r\n<div class=\"et_pb_image_1 et_pb_image et_pb_module et_block_module\"><span class=\"et_pb_image_wrap\"><img loading=\"lazy\" decoding=\"async\" src=\"https:\/\/protonterra.hu\/wp-content\/uploads\/2026\/03\/protonterra_szolgaltatasok_karbantartas.webp\" title=\"protonterra_szolgaltatasok_karbantartas\" width=\"2560\" height=\"2560\" srcset=\"https:\/\/protonterra.hu\/wp-content\/uploads\/2026\/03\/protonterra_szolgaltatasok_karbantartas.webp 2560w, https:\/\/protonterra.hu\/wp-content\/uploads\/2026\/03\/protonterra_szolgaltatasok_karbantartas-1280x1280.webp 1280w, https:\/\/protonterra.hu\/wp-content\/uploads\/2026\/03\/protonterra_szolgaltatasok_karbantartas-980x980.webp 980w, https:\/\/protonterra.hu\/wp-content\/uploads\/2026\/03\/protonterra_szolgaltatasok_karbantartas-480x480.webp 480w\" sizes=\"(min-width: 0px) and (max-width: 480px) 480px, (min-width: 481px) and (max-width: 980px) 980px, (min-width: 981px) and (max-width: 1280px) 1280px, (min-width: 1281px) 2560px, 100vw\" class=\"wp-image-88193\" \/><\/span><\/div>\r\n<\/div>\r\n<\/div>\r\n<\/div>\r\n\r\n<div class=\"et_pb_section_3 et_pb_section et_section_regular et_block_section\">\r\n<div class=\"et_pb_row_3 et_pb_row et_flex_row et_animated\" id=\"esg-es-fenntarthatosagi-tamogatas\">\r\n<div class=\"et_pb_column_5 et_pb_column et_flex_column et_pb_css_mix_blend_mode_passthrough et_flex_column_12_24 et_flex_column_24_24_tablet et_flex_column_24_24_phone\"><span class=\"et-pb-parallax-wrapper\"><span class=\"et-pb-parallax-background et-pb-parallax-background-module--divi-column-5\" style=\"\"><\/span><\/span>\r\n<div class=\"et_pb_image_2 et_pb_image et_pb_module et_block_module\"><span class=\"et_pb_image_wrap\"><img loading=\"lazy\" decoding=\"async\" src=\"https:\/\/protonterra.hu\/wp-content\/uploads\/2026\/03\/protonterra_esg.webp\" title=\"protonterra_esg\" width=\"2560\" height=\"2560\" srcset=\"https:\/\/protonterra.hu\/wp-content\/uploads\/2026\/03\/protonterra_esg.webp 2560w, https:\/\/protonterra.hu\/wp-content\/uploads\/2026\/03\/protonterra_esg-1280x1280.webp 1280w, https:\/\/protonterra.hu\/wp-content\/uploads\/2026\/03\/protonterra_esg-980x980.webp 980w, https:\/\/protonterra.hu\/wp-content\/uploads\/2026\/03\/protonterra_esg-480x480.webp 480w\" sizes=\"(min-width: 0px) and (max-width: 480px) 480px, (min-width: 481px) and (max-width: 980px) 980px, (min-width: 981px) and (max-width: 1280px) 1280px, (min-width: 1281px) 2560px, 100vw\" class=\"wp-image-88195\" \/><\/span><\/div>\r\n<\/div>\r\n\r\n<div class=\"et_pb_column_6 et_pb_column et-last-child et_flex_column et_pb_css_mix_blend_mode_passthrough et_flex_column_12_24 et_flex_column_24_24_tablet et_flex_column_24_24_phone\">\r\n<div class=\"et_pb_text_5 et_pb_text et_pb_bg_layout_light et_pb_module et_block_module\"><div class=\"et_pb_text_inner\"><h2>ESG and Sustainability Support<\/h2>\n<\/div><\/div>\r\n\r\n<div class=\"et_pb_text_6 et_pb_text et_pb_bg_layout_light et_pb_module et_block_module\"><div class=\"et_pb_text_inner\"><p style=\"text-align: justify;\">In modern industrial and energy projects, ESG (Environmental, Social, Governance) considerations are becoming increasingly important.<\/p>\n<p style=\"text-align: justify;\">Our company provides support in developing operational and project processes that contribute to sustainable, responsible, and environmentally conscious operations, particularly in the case of energy and infrastructure investments.<\/p>\n<\/div><\/div>\r\n\r\n<div class=\"et_pb_module et_pb_button_module_wrapper et_pb_button_2_wrapper\"><a class=\"et_pb_button_2 et_pb_button et_pb_bg_layout_light et_pb_module et_block_module\" href=\"#contact\">Contact<\/a><\/div>\r\n<\/div>\r\n<\/div>\r\n<\/div>\r\n\r\n<div class=\"et_pb_section_4 et_pb_section et_section_regular et_flex_section\" id=\"contact\"><div class=\"et_pb_row_4 et_pb_row et_flex_row\"><div class=\"et_pb_column_7 et_pb_column et_flex_column et_pb_css_mix_blend_mode_passthrough et_flex_column_8_24 et_flex_column_8_24_tablet et_flex_column_24_24_phone\"><div class=\"et_pb_blurb_0 et_pb_blurb et_pb_bg_layout_light et_pb_text_align_center et_pb_blurb_position_top et_clickable et_pb_module et_flex_module\"><div class=\"et_pb_blurb_content et_flex_module\"><div class=\"et_pb_main_blurb_image\"><span class=\"et_pb_image_wrap\"><span class=\"et-pb-icon et-waypoint et_pb_animation_top et_pb_animation_top_tablet et_pb_animation_top_phone\">\ue090<\/span><\/span><\/div><div class=\"et_pb_blurb_container\"><h4 class=\"et_pb_module_header\">Phone<\/h4><div class=\"et_pb_blurb_description\"><p><a href=\"tel:+36301599177\">+36 30 159 9177<\/a><\/p>\n<\/div><\/div><\/div><\/div><\/div><div class=\"et_pb_column_8 et_pb_column et_flex_column et_pb_css_mix_blend_mode_passthrough et_flex_column_8_24 et_flex_column_8_24_tablet et_flex_column_24_24_phone\"><div class=\"et_pb_blurb_1 et_pb_blurb et_pb_bg_layout_light et_pb_text_align_center et_pb_blurb_position_top et_pb_module et_flex_module\"><div class=\"et_pb_blurb_content et_flex_module\"><div class=\"et_pb_main_blurb_image\"><span class=\"et_pb_image_wrap\"><span class=\"et-pb-icon et-waypoint et_pb_animation_top et_pb_animation_top_tablet et_pb_animation_top_phone\">\ue01d<\/span><\/span><\/div><div class=\"et_pb_blurb_container\"><h4 class=\"et_pb_module_header\">Address<\/h4><div class=\"et_pb_blurb_description\"><p>5000 Szolnok, K\u0151r\u00f6si \u00fat 43.<\/p>\n<\/div><\/div><\/div><\/div><\/div><div class=\"et_pb_column_9 et_pb_column et-last-child et_flex_column et_pb_css_mix_blend_mode_passthrough et_flex_column_8_24 et_flex_column_8_24_tablet et_flex_column_24_24_phone\"><div class=\"et_pb_blurb_2 et_pb_blurb et_pb_bg_layout_light et_pb_text_align_center et_pb_blurb_position_top et_clickable et_pb_module et_flex_module\"><div class=\"et_pb_blurb_content et_flex_module\"><div class=\"et_pb_main_blurb_image\"><span class=\"et_pb_image_wrap\"><span class=\"et-pb-icon et-waypoint et_pb_animation_top et_pb_animation_top_tablet et_pb_animation_top_phone\">\ue010<\/span><\/span><\/div><div class=\"et_pb_blurb_container\"><h4 class=\"et_pb_module_header\">Email<\/h4><div class=\"et_pb_blurb_description\"><p><a href=\"mailto:info@protonterra.hu\">info@protonterra.hu<\/a><\/p>\n<\/div><\/div><\/div><\/div><\/div><\/div><div class=\"et_pb_row_5 et_pb_row et_flex_row et_animated\"><div class=\"et_pb_column_10 et_pb_column et_flex_column et_pb_css_mix_blend_mode_passthrough et_flex_column_12_24 et_flex_column_12_24_tablet et_flex_column_24_24_phone\"><div class=\"et_pb_contact_form_0 et_pb_contact_form_container clearfix et_pb_recaptcha_enabled et_pb_module et_flex_module\" data-form_unique_num=\"0\" data-form_unique_id=\"d957ad2d-e4d8-4ee2-9e38-b32d5a9cf6ea\" id=\"et_pb_contact_form_d957ad2d-e4d8-4ee2-9e38-b32d5a9cf6ea\"><div class=\"et-pb-contact-message\"><\/div><div class=\"et_pb_contact\"><form class=\"et_pb_contact_form et_flex_module\" method=\"post\" action=\"https:\/\/protonterra.hu\/en\/wp-json\/wp\/v2\/pages\/88280\"><div class=\"et_pb_contact_field_0 et_pb_contact_field et_pb_module et_flex_module et_flex_column_12_24 et_flex_column_12_24_tablet et_flex_column_12_24_phone\" data-id=\"name\" data-type=\"input\"><label class=\"et_pb_contact_form_label\">Name<\/label><input type=\"text\" name=\"et_pb_contact_0_name_0\" id=\"et_pb_contact_0_name_0\" class=\"input\" data-required_mark=\"required\" data-field_type=\"input\" data-original_id=\"name\" placeholder=\"Name\" title=\"\" value=\"\" \/><\/div><div class=\"et_pb_contact_field_1 et_pb_contact_field et_pb_module et_flex_module et_flex_column_12_24 et_flex_column_12_24_tablet et_flex_column_12_24_phone\" data-id=\"email\" data-type=\"email\"><label class=\"et_pb_contact_form_label\">Email<\/label><input type=\"text\" name=\"et_pb_contact_0_email_1\" id=\"et_pb_contact_0_email_1\" class=\"input\" data-required_mark=\"required\" data-field_type=\"email\" data-original_id=\"email\" placeholder=\"Email\" title=\"\" value=\"\" \/><\/div><div class=\"et_pb_contact_field_2 et_pb_contact_field et_pb_module et_flex_module et_flex_column_24_24 et_flex_column_24_24_tablet et_flex_column_24_24_phone\" data-id=\"phone\" data-type=\"input\"><label class=\"et_pb_contact_form_label\">Phone<\/label><input type=\"text\" name=\"et_pb_contact_0_phone_2\" id=\"et_pb_contact_0_phone_2\" class=\"input\" data-required_mark=\"required\" data-field_type=\"input\" data-original_id=\"phone\" placeholder=\"Phone\" title=\"\" value=\"\" \/><\/div><div class=\"et_pb_contact_field_3 et_pb_contact_field et_pb_module et_flex_module et_flex_column_24_24 et_flex_column_24_24_tablet et_flex_column_24_24_phone\" data-id=\"message\" data-type=\"text\"><label class=\"et_pb_contact_form_label\">Message<\/label><textarea name=\"et_pb_contact_0_message_3\" id=\"et_pb_contact_0_message_3\" class=\"et_pb_contact_message input\" data-required_mark=\"required\" data-field_type=\"text\" data-original_id=\"message\" placeholder=\"Message\"><\/textarea><\/div><input type=\"hidden\" name=\"et_pb_contactform_submit_d957ad2d-e4d8-4ee2-9e38-b32d5a9cf6ea\" value=\"et_contact_proccess\" \/><div class=\"et_contact_bottom_container\"><div class=\"et_pb_button_wrapper\"><button type=\"submit\" name=\"et_builder_submit_button\" class=\"et_pb_button et_pb_contact_submit\">Send<\/button><\/div><\/div><input type=\"hidden\" id=\"_wpnonce-et-pb-contact-form-submitted-d957ad2d-e4d8-4ee2-9e38-b32d5a9cf6ea\" name=\"_wpnonce-et-pb-contact-form-submitted-d957ad2d-e4d8-4ee2-9e38-b32d5a9cf6ea\" value=\"6e9748e487\" \/><input type=\"hidden\" name=\"_wp_http_referer\" value=\"\/en\/wp-json\/wp\/v2\/pages\/88280\" \/><\/form><\/div><\/div><\/div><div class=\"et_pb_column_11 et_pb_column et-last-child et_flex_column et_pb_css_mix_blend_mode_passthrough et_flex_column_12_24 et_flex_column_12_24_tablet et_flex_column_24_24_phone\"><div class=\"et_pb_image_3 et_pb_image et_pb_module et_flex_module\"><span class=\"et_pb_image_wrap\"><img loading=\"lazy\" decoding=\"async\" src=\"https:\/\/protonterra.hu\/wp-content\/uploads\/2026\/03\/protonterra_logo.jpg\" title=\"protonterra_logo\" width=\"958\" height=\"374\" srcset=\"https:\/\/protonterra.hu\/wp-content\/uploads\/2026\/03\/protonterra_logo.jpg 958w, https:\/\/protonterra.hu\/wp-content\/uploads\/2026\/03\/protonterra_logo-480x187.jpg 480w\" sizes=\"(min-width: 0px) and (max-width: 480px) 480px, (min-width: 481px) 958px, 100vw\" class=\"wp-image-88004\" \/><\/span><\/div><\/div><\/div><\/div>","protected":false},"excerpt":{"rendered":"","protected":false},"author":1,"featured_media":0,"parent":0,"menu_order":0,"comment_status":"closed","ping_status":"closed","template":"","meta":{"_acf_changed":false,"footnotes":""},"class_list":["post-88280","page","type-page","status-publish","hentry"],"acf":[],"_links":{"self":[{"href":"https:\/\/protonterra.hu\/en\/wp-json\/wp\/v2\/pages\/88280","targetHints":{"allow":["GET"]}}],"collection":[{"href":"https:\/\/protonterra.hu\/en\/wp-json\/wp\/v2\/pages"}],"about":[{"href":"https:\/\/protonterra.hu\/en\/wp-json\/wp\/v2\/types\/page"}],"author":[{"embeddable":true,"href":"https:\/\/protonterra.hu\/en\/wp-json\/wp\/v2\/users\/1"}],"replies":[{"embeddable":true,"href":"https:\/\/protonterra.hu\/en\/wp-json\/wp\/v2\/comments?post=88280"}],"version-history":[{"count":2,"href":"https:\/\/protonterra.hu\/en\/wp-json\/wp\/v2\/pages\/88280\/revisions"}],"predecessor-version":[{"id":88291,"href":"https:\/\/protonterra.hu\/en\/wp-json\/wp\/v2\/pages\/88280\/revisions\/88291"}],"wp:attachment":[{"href":"https:\/\/protonterra.hu\/en\/wp-json\/wp\/v2\/media?parent=88280"}],"curies":[{"name":"wp","href":"https:\/\/api.w.org\/{rel}","templated":true}]}}