{"id":88245,"date":"2026-03-18T15:53:10","date_gmt":"2026-03-18T14:53:10","guid":{"rendered":"https:\/\/protonterra.hu\/?page_id=88245"},"modified":"2026-03-20T12:55:22","modified_gmt":"2026-03-20T11:55:22","slug":"kezdolap","status":"publish","type":"page","link":"https:\/\/protonterra.hu\/en\/","title":{"rendered":"Home"},"content":{"rendered":"<div class=\"et_pb_section_0 et_pb_section et_section_regular et_block_section\"><span class=\"et_pb_background_mask\"><\/span>\r\n<div class=\"et_pb_row_0 et_pb_row et_block_row\">\r\n<div class=\"et_pb_column_0 et_pb_column et_pb_column_4_4 et-last-child et_block_column et_pb_css_mix_blend_mode_passthrough\">\r\n<div class=\"et_pb_text_0 et_pb_text et_pb_bg_layout_light et_animated et_pb_module et_block_module\"><div class=\"et_pb_text_inner\"><h4>Complex industrial and energy-related services<\/h4>\n<\/div><\/div>\r\n\r\n<div class=\"et_pb_text_1 et_pb_text et_pb_bg_layout_light et_animated et_pb_module et_block_module\"><div class=\"et_pb_text_inner\"><h1>Proton Terra Ltd.<\/h1>\n<\/div><\/div>\r\n\r\n<div class=\"et_pb_text_2 et_pb_text et_pb_bg_layout_light et_animated et_pb_module et_block_module\"><div class=\"et_pb_text_inner\"><p style=\"text-align: justify;\">Comprehensive facility management and operational services for industrial and energy facilities.<\/p>\n<\/div><\/div>\r\n\r\n<div class=\"et_pb_module et_pb_button_module_wrapper et_pb_button_0_wrapper\"><a class=\"et_pb_button_0 et_pb_button et_pb_bg_layout_light et_animated et_pb_module et_block_module\" href=\"https:\/\/protonterra.hu\/en\/our-services\">Our Services<\/a><\/div>\r\n<\/div>\r\n<\/div>\r\n<\/div>\r\n\r\n<div class=\"et_pb_section_1 et_pb_section et_section_regular et_block_section\">\r\n<div class=\"et_pb_row_1 et_pb_row et_pb_equal_columns et_pb_gutters1 et_block_row et_animated\">\r\n<div class=\"et_pb_column_1 et_pb_column et_pb_column_2_5 et_block_column et_pb_css_mix_blend_mode_passthrough\">\r\n<div class=\"et_pb_image_0 et_pb_image et_pb_module et_block_module\"><span class=\"et_pb_image_wrap\"><img loading=\"lazy\" decoding=\"async\" src=\"https:\/\/protonterra.hu\/wp-content\/uploads\/2026\/03\/protonterra_eromuvek.webp\" title=\"protonterra_eromuvek\" width=\"1920\" height=\"2560\" srcset=\"https:\/\/protonterra.hu\/wp-content\/uploads\/2026\/03\/protonterra_eromuvek.webp 1920w, https:\/\/protonterra.hu\/wp-content\/uploads\/2026\/03\/protonterra_eromuvek-1280x1707.webp 1280w, https:\/\/protonterra.hu\/wp-content\/uploads\/2026\/03\/protonterra_eromuvek-980x1307.webp 980w, https:\/\/protonterra.hu\/wp-content\/uploads\/2026\/03\/protonterra_eromuvek-480x640.webp 480w\" sizes=\"(min-width: 0px) and (max-width: 480px) 480px, (min-width: 481px) and (max-width: 980px) 980px, (min-width: 981px) and (max-width: 1280px) 1280px, (min-width: 1281px) 1920px, 100vw\" class=\"wp-image-88038\" \/><\/span><\/div>\r\n\r\n<div class=\"et_pb_blurb_0 et_pb_blurb et_pb_bg_layout_light et_pb_blurb_position_top et_pb_module et_block_module\"><div class=\"et_pb_blurb_content\"><div class=\"et_pb_blurb_container\"><h4 class=\"et_pb_module_header\">50+<\/h4><div class=\"et_pb_blurb_description\"><p>Finished projects<\/p>\n<\/div><\/div><\/div><\/div>\r\n<\/div>\r\n\r\n<div class=\"et_pb_column_2 et_pb_column et_pb_column_3_5 et-last-child et_block_column et_pb_css_mix_blend_mode_passthrough\">\r\n<div class=\"et_pb_text_3 et_pb_text et_pb_bg_layout_light et_pb_module et_block_module\"><div class=\"et_pb_text_inner\"><h4>Proton Terra Ltd.<br \/>\n<\/h4>\n<\/div><\/div>\r\n\r\n<div class=\"et_pb_text_4 et_pb_text et_pb_bg_layout_light et_pb_module et_block_module\"><div class=\"et_pb_text_inner\"><h2>Energy. Industry. Expertise.<\/h2>\n<\/div><\/div>\r\n\r\n<div class=\"et_pb_text_5 et_pb_text et_pb_bg_layout_light et_pb_module et_block_module\"><div class=\"et_pb_text_inner\"><p style=\"text-align: justify;\">Our goal is to provide our partners with reliable, efficient, and long-term sustainable solutions during large-scale energy and industrial investments.<\/p>\n<p style=\"text-align: justify;\">Our experience covers maintenance, operational support, and industrial cleaning activities supporting the operation of power plants, as well as operational and coordination support for large-scale energy projects, with particular focus on nuclear power plant projects and new power plant investments.<\/p>\n<\/div><\/div>\r\n\r\n<div class=\"et_pb_module et_pb_button_module_wrapper et_pb_button_1_wrapper\"><a class=\"et_pb_button_1 et_pb_button et_pb_bg_layout_light et_pb_module et_block_module\" href=\"https:\/\/protonterra.hu\/en\/#contact\">Contact<\/a><\/div>\r\n<\/div>\r\n<\/div>\r\n<\/div>\r\n\r\n<div class=\"et_pb_section_2 et_pb_section et_section_regular et_block_section\" id=\"our-services\">\r\n<div class=\"et_pb_row_2 et_pb_row et_flex_row et_animated\">\r\n<div class=\"et_pb_column_3 et_pb_column et_flex_column et_pb_css_mix_blend_mode_passthrough et_flex_column_24_24 et_flex_column_24_24_tablet et_flex_column_24_24_phone\">\r\n<div class=\"et_pb_text_6 et_pb_text et_pb_bg_layout_light et_pb_module et_block_module\"><div class=\"et_pb_text_inner\"><h4>Proton Terra Ltd.<\/h4>\n<\/div><\/div>\r\n\r\n<div class=\"et_pb_text_7 et_pb_text et_pb_bg_layout_light et_pb_module et_block_module\"><div class=\"et_pb_text_inner\"><h2>Our Services<\/h2>\n<\/div><\/div>\r\n\r\n<div class=\"et_pb_text_8 et_pb_text et_pb_bg_layout_light et_pb_module et_block_module\"><div class=\"et_pb_text_inner\"><p style=\"text-align: justify;\">Facility Management and Facility Services<\/p>\n<p style=\"text-align: justify;\">Proton Terra Ltd. provides comprehensive facility management and operational services for industrial and energy facilities.<\/p>\n<p style=\"text-align: justify;\">Our tasks include supporting the uninterrupted operation of facilities, optimizing operational processes, and maintaining efficient operation.<\/p>\n<p style=\"text-align: justify;\">Our company participates in services supporting the operation of power plant facilities in Hungary, where we work in contractual cooperation with Sk\u00edz Prime Ltd., which represents a professional reference for us in the field of services related to operational support for energy facilities.<\/p>\n<\/div><\/div>\r\n<\/div>\r\n\r\n<div class=\"et_pb_column_4 et_pb_column et-last-child et_flex_column et_pb_css_mix_blend_mode_passthrough et_flex_column_24_24 et_flex_column_24_24_tablet et_flex_column_24_24_phone\">\r\n<div class=\"et_pb_text_9 et_pb_text et_pb_bg_layout_light et_pb_module et_block_module\"><div class=\"et_pb_text_inner\"><p>\u200e <\/p>\n<\/div><\/div>\r\n<\/div>\r\n<\/div>\r\n\r\n<div class=\"et_pb_row_3 et_pb_row et_flex_row et_animated\">\r\n<div class=\"et_pb_column_5 et_pb_column et_flex_column et_pb_css_mix_blend_mode_passthrough et_flex_column_24_24 et_flex_column_24_24_tablet et_flex_column_24_24_phone service-gap\">\r\n<div class=\"et_pb_image_1 et_pb_image et_pb_module et_block_module\"><span class=\"et_pb_image_wrap\"><img loading=\"lazy\" decoding=\"async\" src=\"https:\/\/protonterra.hu\/wp-content\/uploads\/2026\/03\/protonterra_eromuvi_projektek_tamogatasa_2.webp\" title=\"protonterra_eromuvi_projektek_tamogatasa_2\" width=\"2560\" height=\"1920\" srcset=\"https:\/\/protonterra.hu\/wp-content\/uploads\/2026\/03\/protonterra_eromuvi_projektek_tamogatasa_2.webp 2560w, https:\/\/protonterra.hu\/wp-content\/uploads\/2026\/03\/protonterra_eromuvi_projektek_tamogatasa_2-1280x960.webp 1280w, https:\/\/protonterra.hu\/wp-content\/uploads\/2026\/03\/protonterra_eromuvi_projektek_tamogatasa_2-980x735.webp 980w, https:\/\/protonterra.hu\/wp-content\/uploads\/2026\/03\/protonterra_eromuvi_projektek_tamogatasa_2-480x360.webp 480w\" sizes=\"(min-width: 0px) and (max-width: 480px) 480px, (min-width: 481px) and (max-width: 980px) 980px, (min-width: 981px) and (max-width: 1280px) 1280px, (min-width: 1281px) 2560px, 100vw\" class=\"wp-image-88151\" \/><\/span><\/div>\r\n\r\n<div class=\"et_pb_image_2 et_pb_image et_pb_module et_block_module\"><span class=\"et_pb_image_wrap\"><img loading=\"lazy\" decoding=\"async\" src=\"https:\/\/protonterra.hu\/wp-content\/uploads\/2026\/03\/solar-energy-5-bgt-5.png\" width=\"128\" height=\"128\" sizes=\"(max-width: 128px) 100vw, 128px\" class=\"wp-image-16\" \/><\/span><\/div>\r\n\r\n<div class=\"et_pb_text_10 et_pb_text et_pb_bg_layout_light et_pb_module et_block_module\"><div class=\"et_pb_text_inner\"><p>01<\/p>\n<\/div><\/div>\r\n\r\n<div class=\"et_pb_text_11 et_pb_text et_pb_bg_layout_light et_pb_module et_block_module\"><div class=\"et_pb_text_inner\" data-et-mv-hidden-tablet=\"true\"><h3>Power Plant Project<br \/>Support<\/h3>\n<\/div>\r\n<div class=\"et_pb_module et_pb_button_module_wrapper et_pb_button_2_wrapper\"><a class=\"et_pb_button_2 et_pb_button et_pb_bg_layout_light et_pb_module et_block_module\" href=\"https:\/\/protonterra.hu\/en\/our-services\/#power-plant-project-support\">Learn more<\/a><\/div>\r\n<\/div>\r\n<\/div>\r\n\r\n<div class=\"et_pb_column_6 et_pb_column et_flex_column et_pb_css_mix_blend_mode_passthrough et_flex_column_24_24 et_flex_column_24_24_tablet et_flex_column_24_24_phone\">\r\n<div class=\"et_pb_image_3 et_pb_image et_pb_module et_block_module\"><span class=\"et_pb_image_wrap\"><img loading=\"lazy\" decoding=\"async\" src=\"https:\/\/protonterra.hu\/wp-content\/uploads\/2026\/03\/protonterra_ipari_tisztitas.webp\" title=\"protonterra_ipari_tisztitas\" width=\"2560\" height=\"1707\" srcset=\"https:\/\/protonterra.hu\/wp-content\/uploads\/2026\/03\/protonterra_ipari_tisztitas.webp 2560w, https:\/\/protonterra.hu\/wp-content\/uploads\/2026\/03\/protonterra_ipari_tisztitas-1280x854.webp 1280w, https:\/\/protonterra.hu\/wp-content\/uploads\/2026\/03\/protonterra_ipari_tisztitas-980x653.webp 980w, https:\/\/protonterra.hu\/wp-content\/uploads\/2026\/03\/protonterra_ipari_tisztitas-480x320.webp 480w\" sizes=\"(min-width: 0px) and (max-width: 480px) 480px, (min-width: 481px) and (max-width: 980px) 980px, (min-width: 981px) and (max-width: 1280px) 1280px, (min-width: 1281px) 2560px, 100vw\" class=\"wp-image-88152\" \/><\/span><\/div>\r\n\r\n<div class=\"et_pb_image_4 et_pb_image et_pb_module et_block_module\"><span class=\"et_pb_image_wrap\"><img loading=\"lazy\" decoding=\"async\" src=\"https:\/\/protonterra.hu\/wp-content\/uploads\/2026\/03\/solar-energy-5-bgt-7.png\" title=\"solar-energy-5-bgt-7\" width=\"128\" height=\"128\" sizes=\"(max-width: 128px) 100vw, 128px\" class=\"wp-image-23\" \/><\/span><\/div>\r\n\r\n<div class=\"et_pb_text_12 et_pb_text et_pb_bg_layout_light et_pb_module et_block_module\"><div class=\"et_pb_text_inner\"><p>02<\/p>\n<\/div><\/div>\r\n\r\n<div class=\"et_pb_text_13 et_pb_text et_pb_bg_layout_light et_pb_module et_block_module\"><div class=\"et_pb_text_inner\"><h3>Maintenance and Industrial Cleaning<\/h3>\n<\/div>\r\n<div class=\"et_pb_module et_pb_button_module_wrapper et_pb_button_3_wrapper\"><a class=\"et_pb_button_3 et_pb_button et_pb_bg_layout_light et_pb_module et_block_module\" href=\"https:\/\/protonterra.hu\/en\/our-services\/#maintenance-and-industrial-cleaning\">Learn more<\/a><\/div>\r\n<\/div>\r\n<\/div>\r\n\r\n<div class=\"et_pb_column_7 et_pb_column et-last-child et_flex_column et_pb_css_mix_blend_mode_passthrough et_flex_column_24_24 et_flex_column_24_24_tablet et_flex_column_24_24_phone\">\r\n<div class=\"et_pb_image_5 et_pb_image et_pb_module et_block_module\"><span class=\"et_pb_image_wrap\"><img loading=\"lazy\" decoding=\"async\" src=\"https:\/\/protonterra.hu\/wp-content\/uploads\/2026\/03\/solar-energy-5-bgt-7.webp\" title=\"solar-energy-5-bgt-7\" width=\"850\" height=\"565\" srcset=\"https:\/\/protonterra.hu\/wp-content\/uploads\/2026\/03\/solar-energy-5-bgt-7.webp 850w, https:\/\/protonterra.hu\/wp-content\/uploads\/2026\/03\/solar-energy-5-bgt-7-480x319.webp 480w\" sizes=\"(min-width: 0px) and (max-width: 480px) 480px, (min-width: 481px) 850px, 100vw\" class=\"wp-image-17\" \/><\/span><\/div>\r\n\r\n<div class=\"et_pb_image_6 et_pb_image et_pb_module et_block_module\"><span class=\"et_pb_image_wrap\"><img loading=\"lazy\" decoding=\"async\" src=\"https:\/\/protonterra.hu\/wp-content\/uploads\/2026\/03\/solar-energy-5-bgt-2.png\" title=\"solar-energy-5-bgt-2\" width=\"128\" height=\"128\" sizes=\"(max-width: 128px) 100vw, 128px\" class=\"wp-image-28\" \/><\/span><\/div>\r\n\r\n<div class=\"et_pb_text_14 et_pb_text et_pb_bg_layout_light et_pb_module et_block_module\"><div class=\"et_pb_text_inner\"><p>03<\/p>\n<\/div><\/div>\r\n\r\n<div class=\"et_pb_text_15 et_pb_text et_pb_bg_layout_light et_pb_module et_block_module\"><div class=\"et_pb_text_inner\"><h3>ESG and Sustainability Support<\/h3>\n<\/div>\r\n<div class=\"et_pb_module et_pb_button_module_wrapper et_pb_button_4_wrapper\"><a class=\"et_pb_button_4 et_pb_button et_pb_bg_layout_light et_pb_module et_block_module\" href=\"https:\/\/protonterra.hu\/en\/our-services\/#esg-and-sustainability-support\">Learn more<\/a><\/div>\r\n<\/div>\r\n<\/div>\r\n<\/div>\r\n<\/div>\r\n\r\n<div class=\"et_pb_section_3 et_pb_section et_section_regular et_block_section\">\r\n<div class=\"et_pb_row_4 et_pb_row et_pb_equal_columns et_pb_gutters1 et_block_row et_animated\" id=\"about-us\">\r\n<div class=\"et_pb_column_8 et_pb_column et_pb_column_3_5 et_block_column et_pb_css_mix_blend_mode_passthrough\">\r\n<div class=\"et_pb_text_16 et_pb_text et_pb_bg_layout_light et_pb_module et_block_module\"><div class=\"et_pb_text_inner\"><h4>Proton Terra Ltd.<\/h4>\n<\/div><\/div>\r\n\r\n<div class=\"et_pb_text_17 et_pb_text et_pb_bg_layout_light et_pb_module et_block_module\"><div class=\"et_pb_text_inner\"><h2>About us<\/h2>\n<\/div><\/div>\r\n\r\n<div class=\"et_pb_text_18 et_pb_text et_pb_bg_layout_light et_pb_module et_block_module\"><div class=\"et_pb_text_inner\"><p style=\"text-align: justify;\">The goal of Proton Terra Ltd. is to support energy and industrial investments in Hungary and in the region as a reliable partner with high professional standards.<\/p>\n<p style=\"text-align: justify;\">In our work we pay particular attention to:<\/p>\n<ul>\n<li>Professional precision<\/li>\n<li>Safe working practices<\/li>\n<li>Efficient project implementation<\/li>\n<li>Establishing long-term partnerships<\/li>\n<\/ul>\n<p style=\"text-align: justify;\">Our experience is based on professional cooperation gained in supporting the operation of energy facilities and in projects related to nuclear power plant investments.<\/p>\n<\/div><\/div>\r\n\r\n<div class=\"et_pb_module et_pb_button_module_wrapper et_pb_button_5_wrapper\"><a class=\"et_pb_button_5 et_pb_button et_pb_bg_layout_light et_pb_module et_block_module\" href=\"https:\/\/protonterra.hu\/en\/#contact\">Contact<\/a><\/div>\r\n<\/div>\r\n\r\n<div class=\"et_pb_column_9 et_pb_column et_pb_column_2_5 et-last-child et_block_column et_pb_css_mix_blend_mode_passthrough\">\r\n<div class=\"et_pb_image_7 et_pb_image et_pb_module et_block_module\"><span class=\"et_pb_image_wrap\"><img loading=\"lazy\" decoding=\"async\" src=\"https:\/\/protonterra.hu\/wp-content\/uploads\/2026\/03\/protonterra_rolunk2.webp\" title=\"protonterra_rolunk2\" width=\"1591\" height=\"2560\" srcset=\"https:\/\/protonterra.hu\/wp-content\/uploads\/2026\/03\/protonterra_rolunk2.webp 1591w, https:\/\/protonterra.hu\/wp-content\/uploads\/2026\/03\/protonterra_rolunk2-1280x2060.webp 1280w, https:\/\/protonterra.hu\/wp-content\/uploads\/2026\/03\/protonterra_rolunk2-980x1577.webp 980w, https:\/\/protonterra.hu\/wp-content\/uploads\/2026\/03\/protonterra_rolunk2-480x772.webp 480w\" sizes=\"(min-width: 0px) and (max-width: 480px) 480px, (min-width: 481px) and (max-width: 980px) 980px, (min-width: 981px) and (max-width: 1280px) 1280px, (min-width: 1281px) 1591px, 100vw\" class=\"wp-image-88078\" \/><\/span><\/div>\r\n<\/div>\r\n<\/div>\r\n<\/div>\r\n\r\n<div class=\"et_pb_section_4 et_pb_section et_section_regular et_flex_section\" id=\"contact\"><div class=\"et_pb_row_5 et_pb_row et_flex_row\"><div class=\"et_pb_column_10 et_pb_column et_flex_column et_pb_css_mix_blend_mode_passthrough et_flex_column_8_24 et_flex_column_8_24_tablet et_flex_column_24_24_phone\"><div class=\"et_pb_blurb_1 et_pb_blurb et_pb_bg_layout_light et_pb_text_align_center et_pb_blurb_position_top et_clickable et_pb_module et_flex_module\"><div class=\"et_pb_blurb_content et_flex_module\"><div class=\"et_pb_main_blurb_image\"><span class=\"et_pb_image_wrap\"><span class=\"et-pb-icon et-waypoint et_pb_animation_top et_pb_animation_top_tablet et_pb_animation_top_phone\">\ue090<\/span><\/span><\/div><div class=\"et_pb_blurb_container\"><h4 class=\"et_pb_module_header\">Phone<\/h4><div class=\"et_pb_blurb_description\"><p><a href=\"tel:+36301599177\">+36 30 159 9177<\/a><\/p>\n<\/div><\/div><\/div><\/div><\/div><div class=\"et_pb_column_11 et_pb_column et_flex_column et_pb_css_mix_blend_mode_passthrough et_flex_column_8_24 et_flex_column_8_24_tablet et_flex_column_24_24_phone\"><div class=\"et_pb_blurb_2 et_pb_blurb et_pb_bg_layout_light et_pb_text_align_center et_pb_blurb_position_top et_pb_module et_flex_module\"><div class=\"et_pb_blurb_content et_flex_module\"><div class=\"et_pb_main_blurb_image\"><span class=\"et_pb_image_wrap\"><span class=\"et-pb-icon et-waypoint et_pb_animation_top et_pb_animation_top_tablet et_pb_animation_top_phone\">\ue01d<\/span><\/span><\/div><div class=\"et_pb_blurb_container\"><h4 class=\"et_pb_module_header\">Address<\/h4><div class=\"et_pb_blurb_description\"><p>5000 Szolnok, K\u0151r\u00f6si \u00fat 43.<\/p>\n<\/div><\/div><\/div><\/div><\/div><div class=\"et_pb_column_12 et_pb_column et-last-child et_flex_column et_pb_css_mix_blend_mode_passthrough et_flex_column_8_24 et_flex_column_8_24_tablet et_flex_column_24_24_phone\"><div class=\"et_pb_blurb_3 et_pb_blurb et_pb_bg_layout_light et_pb_text_align_center et_pb_blurb_position_top et_clickable et_pb_module et_flex_module\"><div class=\"et_pb_blurb_content et_flex_module\"><div class=\"et_pb_main_blurb_image\"><span class=\"et_pb_image_wrap\"><span class=\"et-pb-icon et-waypoint et_pb_animation_top et_pb_animation_top_tablet et_pb_animation_top_phone\">\ue010<\/span><\/span><\/div><div class=\"et_pb_blurb_container\"><h4 class=\"et_pb_module_header\">Email<\/h4><div class=\"et_pb_blurb_description\"><p><a href=\"mailto:info@protonterra.hu\">info@protonterra.hu<\/a><\/p>\n<\/div><\/div><\/div><\/div><\/div><\/div><div class=\"et_pb_row_6 et_pb_row et_flex_row et_animated\"><div class=\"et_pb_column_13 et_pb_column et_flex_column et_pb_css_mix_blend_mode_passthrough et_flex_column_12_24 et_flex_column_12_24_tablet et_flex_column_24_24_phone\"><div class=\"et_pb_contact_form_0 et_pb_contact_form_container clearfix et_pb_recaptcha_enabled et_pb_module et_flex_module\" data-form_unique_num=\"0\" data-form_unique_id=\"d957ad2d-e4d8-4ee2-9e38-b32d5a9cf6ea\" id=\"et_pb_contact_form_d957ad2d-e4d8-4ee2-9e38-b32d5a9cf6ea\"><div class=\"et-pb-contact-message\"><\/div><div class=\"et_pb_contact\"><form class=\"et_pb_contact_form et_flex_module\" method=\"post\" action=\"https:\/\/protonterra.hu\/en\/wp-json\/wp\/v2\/pages\/88245\"><div class=\"et_pb_contact_field_0 et_pb_contact_field et_pb_module et_flex_module et_flex_column_12_24 et_flex_column_12_24_tablet et_flex_column_12_24_phone\" data-id=\"name\" data-type=\"input\"><label class=\"et_pb_contact_form_label\">Name<\/label><input type=\"text\" name=\"et_pb_contact_0_name_0\" id=\"et_pb_contact_0_name_0\" class=\"input\" data-required_mark=\"required\" data-field_type=\"input\" data-original_id=\"name\" placeholder=\"Name\" title=\"\" value=\"\" \/><\/div><div class=\"et_pb_contact_field_1 et_pb_contact_field et_pb_module et_flex_module et_flex_column_12_24 et_flex_column_12_24_tablet et_flex_column_12_24_phone\" data-id=\"email\" data-type=\"email\"><label class=\"et_pb_contact_form_label\">Email<\/label><input type=\"text\" name=\"et_pb_contact_0_email_1\" id=\"et_pb_contact_0_email_1\" class=\"input\" data-required_mark=\"required\" data-field_type=\"email\" data-original_id=\"email\" placeholder=\"Email\" title=\"\" value=\"\" \/><\/div><div class=\"et_pb_contact_field_2 et_pb_contact_field et_pb_module et_flex_module et_flex_column_24_24 et_flex_column_24_24_tablet et_flex_column_24_24_phone\" data-id=\"phone\" data-type=\"input\"><label class=\"et_pb_contact_form_label\">Phone<\/label><input type=\"text\" name=\"et_pb_contact_0_phone_2\" id=\"et_pb_contact_0_phone_2\" class=\"input\" data-required_mark=\"required\" data-field_type=\"input\" data-original_id=\"phone\" placeholder=\"Phone\" title=\"\" value=\"\" \/><\/div><div class=\"et_pb_contact_field_3 et_pb_contact_field et_pb_module et_flex_module et_flex_column_24_24 et_flex_column_24_24_tablet et_flex_column_24_24_phone\" data-id=\"message\" data-type=\"text\"><label class=\"et_pb_contact_form_label\">Message<\/label><textarea name=\"et_pb_contact_0_message_3\" id=\"et_pb_contact_0_message_3\" class=\"et_pb_contact_message input\" data-required_mark=\"required\" data-field_type=\"text\" data-original_id=\"message\" placeholder=\"Message\"><\/textarea><\/div><input type=\"hidden\" name=\"et_pb_contactform_submit_d957ad2d-e4d8-4ee2-9e38-b32d5a9cf6ea\" value=\"et_contact_proccess\" \/><div class=\"et_contact_bottom_container\"><div class=\"et_pb_button_wrapper\"><button type=\"submit\" name=\"et_builder_submit_button\" class=\"et_pb_button et_pb_contact_submit\">Send<\/button><\/div><\/div><input type=\"hidden\" id=\"_wpnonce-et-pb-contact-form-submitted-d957ad2d-e4d8-4ee2-9e38-b32d5a9cf6ea\" name=\"_wpnonce-et-pb-contact-form-submitted-d957ad2d-e4d8-4ee2-9e38-b32d5a9cf6ea\" value=\"6e9748e487\" \/><input type=\"hidden\" name=\"_wp_http_referer\" value=\"\/en\/wp-json\/wp\/v2\/pages\/88245\" \/><\/form><\/div><\/div><\/div><div class=\"et_pb_column_14 et_pb_column et-last-child et_flex_column et_pb_css_mix_blend_mode_passthrough et_flex_column_12_24 et_flex_column_12_24_tablet et_flex_column_24_24_phone\"><div class=\"et_pb_image_8 et_pb_image et_pb_module et_flex_module\"><span class=\"et_pb_image_wrap\"><img loading=\"lazy\" decoding=\"async\" src=\"https:\/\/protonterra.hu\/wp-content\/uploads\/2026\/03\/protonterra_logo.jpg\" title=\"protonterra_logo\" width=\"958\" height=\"374\" srcset=\"https:\/\/protonterra.hu\/wp-content\/uploads\/2026\/03\/protonterra_logo.jpg 958w, https:\/\/protonterra.hu\/wp-content\/uploads\/2026\/03\/protonterra_logo-480x187.jpg 480w\" sizes=\"(min-width: 0px) and (max-width: 480px) 480px, (min-width: 481px) 958px, 100vw\" class=\"wp-image-88004\" \/><\/span><\/div><\/div><\/div><\/div>","protected":false},"excerpt":{"rendered":"","protected":false},"author":1,"featured_media":0,"parent":0,"menu_order":0,"comment_status":"closed","ping_status":"closed","template":"","meta":{"_acf_changed":false,"footnotes":""},"class_list":["post-88245","page","type-page","status-publish","hentry"],"acf":[],"_links":{"self":[{"href":"https:\/\/protonterra.hu\/en\/wp-json\/wp\/v2\/pages\/88245","targetHints":{"allow":["GET"]}}],"collection":[{"href":"https:\/\/protonterra.hu\/en\/wp-json\/wp\/v2\/pages"}],"about":[{"href":"https:\/\/protonterra.hu\/en\/wp-json\/wp\/v2\/types\/page"}],"author":[{"embeddable":true,"href":"https:\/\/protonterra.hu\/en\/wp-json\/wp\/v2\/users\/1"}],"replies":[{"embeddable":true,"href":"https:\/\/protonterra.hu\/en\/wp-json\/wp\/v2\/comments?post=88245"}],"version-history":[{"count":15,"href":"https:\/\/protonterra.hu\/en\/wp-json\/wp\/v2\/pages\/88245\/revisions"}],"predecessor-version":[{"id":88290,"href":"https:\/\/protonterra.hu\/en\/wp-json\/wp\/v2\/pages\/88245\/revisions\/88290"}],"wp:attachment":[{"href":"https:\/\/protonterra.hu\/en\/wp-json\/wp\/v2\/media?parent=88245"}],"curies":[{"name":"wp","href":"https:\/\/api.w.org\/{rel}","templated":true}]}}